            {"id":6099,"date":"2016-07-24T01:22:20","date_gmt":"2016-07-23T22:22:20","guid":{"rendered":"http:\/\/128.199.62.211\/en\/?post_type=product&#038;p=6099"},"modified":"2016-07-26T16:26:26","modified_gmt":"2016-07-26T13:26:26","slug":"cc01","status":"publish","type":"product","link":"https:\/\/www.everestas.com\/en\/product\/cc01\/","title":{"rendered":"Ball-bearing guide for moulding"},"content":{"rendered":"<p>Not: Kod sadece bir go\u0308stergedir ve sadece sipari\u015f i\u015fleme al\u0131nd\u0131\u011f\u0131nda gec\u0327erlidir.<br \/>\n<\/p>","protected":false},"excerpt":{"rendered":"<p class=\"qtranxs-available-languages-message qtranxs-available-languages-message-en\">Sorry, this entry is only available in <a href=\"https:\/\/www.everestas.com\/tr\/wp-json\/wp\/v2\/product\/6099\" class=\"qtranxs-available-language-link qtranxs-available-language-link-tr\" title=\"T\u00fcrk\u00e7e\">T\u00fcrk\u00e7e<\/a>.<\/p>\n","protected":false},"featured_media":6100,"comment_status":"closed","ping_status":"closed","template":"","meta":{"_acf_changed":false},"product_cat":[54],"product_tag":[],"class_list":{"0":"post-6099","1":"product","2":"type-product","3":"status-publish","4":"has-post-thumbnail","6":"product_cat-knives","8":"first","9":"instock","10":"shipping-taxable","11":"product-type-simple"},"acf":[],"_links":{"self":[{"href":"https:\/\/www.everestas.com\/en\/wp-json\/wp\/v2\/product\/6099","targetHints":{"allow":["GET"]}}],"collection":[{"href":"https:\/\/www.everestas.com\/en\/wp-json\/wp\/v2\/product"}],"about":[{"href":"https:\/\/www.everestas.com\/en\/wp-json\/wp\/v2\/types\/product"}],"replies":[{"embeddable":true,"href":"https:\/\/www.everestas.com\/en\/wp-json\/wp\/v2\/comments?post=6099"}],"wp:featuredmedia":[{"embeddable":true,"href":"https:\/\/www.everestas.com\/en\/wp-json\/wp\/v2\/media\/6100"}],"wp:attachment":[{"href":"https:\/\/www.everestas.com\/en\/wp-json\/wp\/v2\/media?parent=6099"}],"wp:term":[{"taxonomy":"product_cat","embeddable":true,"href":"https:\/\/www.everestas.com\/en\/wp-json\/wp\/v2\/product_cat?post=6099"},{"taxonomy":"product_tag","embeddable":true,"href":"https:\/\/www.everestas.com\/en\/wp-json\/wp\/v2\/product_tag?post=6099"}],"curies":[{"name":"wp","href":"https:\/\/api.w.org\/{rel}","templated":true}]}}