            {"id":2008,"date":"2015-03-19T18:13:22","date_gmt":"2015-03-19T15:13:22","guid":{"rendered":"http:\/\/demo.themealien.com\/claudio\/?page_id=2008"},"modified":"2019-09-04T10:06:30","modified_gmt":"2019-09-04T07:06:30","slug":"contact-us","status":"publish","type":"page","link":"https:\/\/www.everestas.com\/en\/contact-us\/","title":{"rendered":"Contact Us"},"content":{"rendered":"<div class=\"wpb-content-wrapper\"><p>[vc_row full_width=&#8221;stretch_row_content_no_spaces&#8221; el_class=&#8221;triple-carousel-vc&#8221;][vc_column el_class=&#8221;triple-carousel&#8221;]<div id=\"images-carousel-69f2c9a9357e8\" class=\"fd-images-carousel \"><div class=\"fd-owl-list\"><div class=\"item\"><a  target=\"_self\"><img decoding=\"async\" alt=\"4514\" src=\"https:\/\/www.everestas.com\/wp-content\/uploads\/2016\/01\/Features-01-EN.png\"><\/a><\/div><div class=\"item\"><a  target=\"_self\"><img decoding=\"async\" alt=\"4515\" src=\"https:\/\/www.everestas.com\/wp-content\/uploads\/2016\/01\/Features-02-EN.png\"><\/a><\/div><div class=\"item\"><a  target=\"_self\"><img decoding=\"async\" alt=\"4516\" src=\"https:\/\/www.everestas.com\/wp-content\/uploads\/2016\/01\/Features-03-EN.png\"><\/a><\/div><\/div><\/div>[\/vc_column][\/vc_row][vc_row][vc_column el_class=&#8221;about-heading&#8221;][vc_custom_heading source=&#8221;post_title&#8221; font_container=&#8221;tag:h3|font_size:30px|text_align:left|color:%230d3243|line_height:30px&#8221; use_theme_fonts=&#8221;yes&#8221;][\/vc_column][\/vc_row][vc_row][vc_column width=&#8221;1\/2&#8243; el_class=&#8221;.about-left&#8221;][vc_gmaps link=&#8221;#E-8_JTNDaWZyYW1lJTIwc3JjJTNEJTIyaHR0cHMlM0ElMkYlMkZ3d3cuZ29vZ2xlLmNvbSUyRm1hcHMlMkZlbWJlZCUzRnBiJTNEJTIxMW0xNCUyMTFtOCUyMTFtMyUyMTFkMTUwNi4yODQ2MTI5MDAxNjIlMjEyZDI5LjIyMDM0NjE1MzQyMTEyMiUyMTNkNDAuOTY5MDE0ODM2MjI0NTYlMjEzbTIlMjExaTEwMjQlMjEyaTc2OCUyMTRmMTMuMSUyMTNtMyUyMTFtMiUyMTFzMHgwJTI1M0EweDFmNDM4NmQzZGRkYjlmYzQlMjEyc0V2ZXJlc3QlMkJBLiUyNUM1JTI1OUUuJTIxNWUwJTIxM20yJTIxMXNlbiUyMTJzJTIxNHYxNDcxNTYxMzQ4ODQ5JTIyJTIwd2lkdGglM0QlMjI2MDAlMjIlMjBoZWlnaHQlM0QlMjI0NTAlMjIlMjBmcmFtZWJvcmRlciUzRCUyMjAlMjIlMjBzdHlsZSUzRCUyMmJvcmRlciUzQTAlMjIlMjBhbGxvd2Z1bGxzY3JlZW4lM0UlM0MlMkZpZnJhbWUlM0U=&#8221; size=&#8221;330&#8243;][vc_custom_heading text=&#8221;EVEREST \u0130N\u015eAAT MALZEMELER\u0130 \u00dcRET\u0130M VE PAZARLAMA A.\u015e.&#8221; font_container=&#8221;tag:h1|text_align:left&#8221; use_theme_fonts=&#8221;yes&#8221;][vc_column_text css_animation=&#8221;bottom-to-top&#8221; el_class=&#8221;contact-information&#8221;]<i class=\"fa fa-location-arrow\"><\/i>Dudullu OSB Mah. \u0130MES &#8211; 501. Sok. No. 13 \u00dcmraniye-\u0130STANBUL<br \/>\n<i class=\"fa fa-phone\"><\/i><a href=\"tel:+90-216-311-16-70\">+ 90 216 311 16 70<\/a><br \/>\n<i class=\"fa fa-print\"><\/i>+ 90 216 311 16 74<br \/>\n<i class=\"fa fa-envelope\"><\/i><a href=\"mailto:info@everestas.com\">info@everestas.com<\/a>[\/vc_column_text][vc_empty_space height=&#8221;30px&#8221;][\/vc_column][vc_column width=&#8221;1\/2&#8243; el_class=&#8221;.about-right&#8221;][vc_custom_heading text=&#8221;WRITE US&#8221; font_container=&#8221;tag:h2|text_align:center&#8221; use_theme_fonts=&#8221;yes&#8221; el_class=&#8221;contact-form-title&#8221;]\n<div class=\"wpcf7 no-js\" id=\"wpcf7-f4-o1\" lang=\"en-US\" dir=\"ltr\">\n<div class=\"screen-reader-response\"><p role=\"status\" aria-live=\"polite\" aria-atomic=\"true\"><\/p> <ul><\/ul><\/div>\n<form action=\"\/en\/wp-json\/wp\/v2\/pages\/2008#wpcf7-f4-o1\" method=\"post\" class=\"wpcf7-form init\" aria-label=\"Contact form\" novalidate=\"novalidate\" data-status=\"init\">\n<div style=\"display: none;\">\n<input type=\"hidden\" name=\"_wpcf7\" value=\"4\" \/>\n<input type=\"hidden\" name=\"_wpcf7_version\" value=\"5.9.8\" \/>\n<input type=\"hidden\" name=\"_wpcf7_locale\" value=\"en_US\" \/>\n<input type=\"hidden\" name=\"_wpcf7_unit_tag\" value=\"wpcf7-f4-o1\" \/>\n<input type=\"hidden\" name=\"_wpcf7_container_post\" value=\"0\" \/>\n<input type=\"hidden\" name=\"_wpcf7_posted_data_hash\" value=\"\" \/>\n<\/div>\n<p>Name* <span class=\"wpcf7-form-control-wrap\" data-name=\"your-name\"><input size=\"40\" maxlength=\"400\" class=\"wpcf7-form-control wpcf7-text wpcf7-validates-as-required\" aria-required=\"true\" aria-invalid=\"false\" value=\"\" type=\"text\" name=\"your-name\" \/><\/span>\n<\/p>\n<p>Email* <span class=\"wpcf7-form-control-wrap\" data-name=\"your-email\"><input size=\"40\" maxlength=\"400\" class=\"wpcf7-form-control wpcf7-email wpcf7-validates-as-required wpcf7-text wpcf7-validates-as-email\" aria-required=\"true\" aria-invalid=\"false\" value=\"\" type=\"email\" name=\"your-email\" \/><\/span>\n<\/p>\n<p>Subject <span class=\"wpcf7-form-control-wrap\" data-name=\"your-subject\"><input size=\"40\" maxlength=\"400\" class=\"wpcf7-form-control wpcf7-text\" aria-invalid=\"false\" value=\"\" type=\"text\" name=\"your-subject\" \/><\/span>\n<\/p>\n<p>Message <span class=\"wpcf7-form-control-wrap\" data-name=\"your-message\"><textarea cols=\"40\" rows=\"10\" maxlength=\"2000\" class=\"wpcf7-form-control wpcf7-textarea\" aria-invalid=\"false\" name=\"your-message\"><\/textarea><\/span>\n<\/p>\n<div class=\"contact-submit\">\n\t<p><input class=\"wpcf7-form-control wpcf7-submit has-spinner\" type=\"submit\" value=\"Send\" \/>\n\t<\/p>\n<\/div><div class=\"wpcf7-response-output\" aria-hidden=\"true\"><\/div>\n<\/form>\n<\/div>\n[\/vc_column][\/vc_row]<\/p>\n<\/div>","protected":false},"excerpt":{"rendered":"<p>[vc_row full_width=&#8221;stretch_row_content_no_spaces&#8221; el_class=&#8221;triple-carousel-vc&#8221;][vc_column el_class=&#8221;triple-carousel&#8221;][\/vc_column][\/vc_row][vc_row][vc_column el_class=&#8221;about-heading&#8221;][vc_custom_heading source=&#8221;post_title&#8221; font_container=&#8221;tag:h3|font_size:30px|text_align:left|color:%230d3243|line_height:30px&#8221; use_theme_fonts=&#8221;yes&#8221;][\/vc_column][\/vc_row][vc_row][vc_column width=&#8221;1\/2&#8243; el_class=&#8221;.about-left&#8221;][vc_gmaps link=&#8221;#E-8_JTNDaWZyYW1lJTIwc3JjJTNEJTIyaHR0cHMlM0ElMkYlMkZ3d3cuZ29vZ2xlLmNvbSUyRm1hcHMlMkZlbWJlZCUzRnBiJTNEJTIxMW0xNCUyMTFtOCUyMTFtMyUyMTFkMTUwNi4yODQ2MTI5MDAxNjIlMjEyZDI5LjIyMDM0NjE1MzQyMTEyMiUyMTNkNDAuOTY5MDE0ODM2MjI0NTYlMjEzbTIlMjExaTEwMjQlMjEyaTc2OCUyMTRmMTMuMSUyMTNtMyUyMTFtMiUyMTFzMHgwJTI1M0EweDFmNDM4NmQzZGRkYjlmYzQlMjEyc0V2ZXJlc3QlMkJBLiUyNUM1JTI1OUUuJTIxNWUwJTIxM20yJTIxMXNlbiUyMTJzJTIxNHYxNDcxNTYxMzQ4ODQ5JTIyJTIwd2lkdGglM0QlMjI2MDAlMjIlMjBoZWlnaHQlM0QlMjI0NTAlMjIlMjBmcmFtZWJvcmRlciUzRCUyMjAlMjIlMjBzdHlsZSUzRCUyMmJvcmRlciUzQTAlMjIlMjBhbGxvd2Z1bGxzY3JlZW4lM0UlM0MlMkZpZnJhbWUlM0U=&#8221; size=&#8221;330&#8243;][vc_custom_heading text=&#8221;EVEREST \u0130N\u015eAAT MALZEMELER\u0130 \u00dcRET\u0130M VE PAZARLAMA A.\u015e.&#8221; font_container=&#8221;tag:h1|text_align:left&#8221; use_theme_fonts=&#8221;yes&#8221;][vc_column_text css_animation=&#8221;bottom-to-top&#8221; el_class=&#8221;contact-information&#8221;]Dudullu OSB Mah. \u0130MES &#8211; 501. Sok. No.&hellip;<\/p>\n","protected":false},"author":2,"featured_media":0,"parent":0,"menu_order":0,"comment_status":"closed","ping_status":"closed","template":"template-about-content.php","meta":{"_acf_changed":false,"footnotes":""},"class_list":["post-2008","page","type-page","status-publish","hentry"],"acf":[],"_links":{"self":[{"href":"https:\/\/www.everestas.com\/en\/wp-json\/wp\/v2\/pages\/2008","targetHints":{"allow":["GET"]}}],"collection":[{"href":"https:\/\/www.everestas.com\/en\/wp-json\/wp\/v2\/pages"}],"about":[{"href":"https:\/\/www.everestas.com\/en\/wp-json\/wp\/v2\/types\/page"}],"author":[{"embeddable":true,"href":"https:\/\/www.everestas.com\/en\/wp-json\/wp\/v2\/users\/2"}],"replies":[{"embeddable":true,"href":"https:\/\/www.everestas.com\/en\/wp-json\/wp\/v2\/comments?post=2008"}],"version-history":[{"count":84,"href":"https:\/\/www.everestas.com\/en\/wp-json\/wp\/v2\/pages\/2008\/revisions"}],"predecessor-version":[{"id":6426,"href":"https:\/\/www.everestas.com\/en\/wp-json\/wp\/v2\/pages\/2008\/revisions\/6426"}],"wp:attachment":[{"href":"https:\/\/www.everestas.com\/en\/wp-json\/wp\/v2\/media?parent=2008"}],"curies":[{"name":"wp","href":"https:\/\/api.w.org\/{rel}","templated":true}]}}